{"id":2,"date":"2025-04-22T17:50:06","date_gmt":"2025-04-22T15:50:06","guid":{"rendered":"https:\/\/rbica.lndo.site\/?page_id=2"},"modified":"2025-04-29T17:41:51","modified_gmt":"2025-04-29T15:41:51","slug":"contact","status":"publish","type":"page","link":"https:\/\/rbi-groupe.com\/qc\/contact\/","title":{"rendered":"Contact"},"content":{"rendered":"\n<div class=\"wpcf7 no-js\" id=\"wpcf7-f125-o1\" lang=\"fr-FR\" dir=\"ltr\" data-wpcf7-id=\"125\">\n<div class=\"screen-reader-response\"><p role=\"status\" aria-live=\"polite\" aria-atomic=\"true\"><\/p> <ul><\/ul><\/div>\n<form action=\"\/qc\/wp-json\/wp\/v2\/pages\/2#wpcf7-f125-o1\" method=\"post\" class=\"wpcf7-form init\" aria-label=\"Formulaire de contact\" novalidate=\"novalidate\" data-status=\"init\">\n<fieldset class=\"hidden-fields-container\"><input type=\"hidden\" name=\"_wpcf7\" value=\"125\" \/><input type=\"hidden\" name=\"_wpcf7_version\" value=\"6.1.5\" \/><input type=\"hidden\" name=\"_wpcf7_locale\" value=\"fr_FR\" \/><input type=\"hidden\" name=\"_wpcf7_unit_tag\" value=\"wpcf7-f125-o1\" \/><input type=\"hidden\" name=\"_wpcf7_container_post\" value=\"0\" \/><input type=\"hidden\" name=\"_wpcf7_posted_data_hash\" value=\"\" \/>\n<\/fieldset>\n<fieldset class=\"margin-bottom-md\">\n\t<div class=\"margin-bottom-sm\">\n\t\t<div class=\"grid grid-gap-sm\">\n\t\t\t<div class=\"col-6@md\">\n\t\t\t\t<p><label class=\"form-label margin-bottom-xxs\" for=\"inputFirstName\">Pr\u00e9nom <span style=\"color:red;\">*<\/span><\/label><br \/>\n<span class=\"wpcf7-form-control-wrap\" data-name=\"your-first-name\"><input size=\"40\" maxlength=\"400\" class=\"wpcf7-form-control wpcf7-text wpcf7-validates-as-required form-control width-100\" id=\"firstname\" aria-required=\"true\" aria-invalid=\"false\" value=\"\" type=\"text\" name=\"your-first-name\" \/><\/span>\n\t\t\t\t<\/p>\n\t\t\t<\/div>\n\t\t\t<div class=\"col-6@md\">\n\t\t\t\t<p><label class=\"form-label margin-bottom-xxs\" for=\"inputName\">Nom <span style=\"color:red;\">*<\/span><\/label><br \/>\n<span class=\"wpcf7-form-control-wrap\" data-name=\"your-name\"><input size=\"40\" maxlength=\"400\" class=\"wpcf7-form-control wpcf7-text wpcf7-validates-as-required form-control width-100\" id=\"lastname\" aria-required=\"true\" aria-invalid=\"false\" value=\"\" type=\"text\" name=\"your-name\" \/><\/span>\n\t\t\t\t<\/p>\n\t\t\t<\/div>\n\t\t<\/div>\n\t\t<div class=\"margin-bottom-sm\">\n\t\t\t<p><label class=\"form-label margin-bottom-xxs\" for=\"inputEmail\">Entreprise <span style=\"color:red;\">*<\/span><\/label><br \/>\n<span class=\"wpcf7-form-control-wrap\" data-name=\"your-entreprise\"><input size=\"40\" maxlength=\"400\" class=\"wpcf7-form-control wpcf7-text wpcf7-validates-as-required form-control width-100\" id=\"entreprise\" aria-required=\"true\" aria-invalid=\"false\" value=\"\" type=\"text\" name=\"your-entreprise\" \/><\/span>\n\t\t\t<\/p>\n\t\t<\/div>\n\t<\/div>\n\t<div class=\"margin-bottom-sm\">\n\t\t<div class=\"grid grid-gap-sm\">\n\t\t\t<div class=\"col-6@md\">\n\t\t\t\t<p><label class=\"form-label margin-bottom-xxs\" for=\"inputEmail\">Courriel <span style=\"color:red;\">*<\/span><\/label><br \/>\n<span class=\"wpcf7-form-control-wrap\" data-name=\"your-email\"><input size=\"40\" maxlength=\"400\" class=\"wpcf7-form-control wpcf7-email wpcf7-validates-as-required wpcf7-text wpcf7-validates-as-email form-control width-100\" aria-required=\"true\" aria-invalid=\"false\" value=\"\" type=\"email\" name=\"your-email\" \/><\/span>\n\t\t\t\t<\/p>\n\t\t\t<\/div>\n\t\t\t<div class=\"col-6@md\">\n\t\t\t\t<p><label class=\"form-label margin-bottom-xxs\" for=\"inputEmail\">T\u00e9l\u00e9phone<\/label><br \/>\n<span class=\"wpcf7-form-control-wrap\" data-name=\"your-tel\"><input size=\"40\" maxlength=\"400\" class=\"wpcf7-form-control wpcf7-tel wpcf7-text wpcf7-validates-as-tel form-control width-100\" aria-invalid=\"false\" value=\"\" type=\"tel\" name=\"your-tel\" \/><\/span>\n\t\t\t\t<\/p>\n\t\t\t<\/div>\n\t\t<\/div>\n\t<\/div>\n\t<div class=\"margin-bottom-sm\">\n\t\t<p><label class=\"form-label margin-bottom-xxs\" for=\"textarea\">Sujet <span style=\"color:red;\">*<\/span><\/label><br \/>\n<span class=\"wpcf7-form-control-wrap\" data-name=\"your-subject\"><input size=\"40\" maxlength=\"400\" class=\"wpcf7-form-control wpcf7-text wpcf7-validates-as-required form-control width-100\" aria-required=\"true\" aria-invalid=\"false\" value=\"\" type=\"text\" name=\"your-subject\" \/><\/span>\n\t\t<\/p>\n\t<\/div>\n\t<div>\n\t\t<p><label class=\"form-label margin-bottom-xxs\" for=\"textarea\">Message <span style=\"color:red;\">*<\/span><\/label><br \/>\n<span class=\"wpcf7-form-control-wrap\" data-name=\"your-message\"><textarea cols=\"40\" rows=\"10\" maxlength=\"2000\" class=\"wpcf7-form-control wpcf7-textarea wpcf7-validates-as-required form-control width-100\" aria-required=\"true\" aria-invalid=\"false\" name=\"your-message\"><\/textarea><\/span>\n\t\t<\/p>\n\t<\/div>\n<\/fieldset>\n<fieldset class=\"margin-bottom-md\">\n\t<p class=\"politique-infos\">Conform\u00e9ment \u00e0 la Loi 25 du Qu\u00e9bec sur la protection des renseignements personnels, nous nous engageons \u00e0 prot\u00e9ger la confidentialit\u00e9 de vos informations. Les renseignements personnels que vous nous fournissez dans le cadre de vos demandes de contact seront utilis\u00e9s uniquement pour r\u00e9pondre \u00e0 vos questions et offrir un service de qualit\u00e9. Nous ne partageons pas vos donn\u00e9es avec des tiers, sauf lorsque la loi l'exige. Pour plus d'informations sur la mani\u00e8re dont nous traitons vos donn\u00e9es, veuillez consulter <a href=\"\/politique-de-confidentialite\/\">notre politique de confidentialit\u00e9 <\/a>.\n\t<\/p>\n\t<div class=\"checkbox-list flex flex-gap-sm\">\n\t\t<div>\n\t\t\t<p><span class=\"wpcf7-form-control-wrap\" data-name=\"your-consent\"><span class=\"wpcf7-form-control wpcf7-acceptance\"><span class=\"wpcf7-list-item\"><label><input type=\"checkbox\" name=\"your-consent\" value=\"1\" aria-invalid=\"false\" \/><span class=\"wpcf7-list-item-label\">J\u2019accepte la politique de confidentialit\u00e9.<\/span><\/label><\/span><\/span><\/span>\n\t\t\t<\/p>\n\t\t<\/div>\n\t<\/div>\n<\/fieldset>\n<div>\n\t<p><input class=\"wpcf7-form-control wpcf7-submit has-spinner btn btn--bordered\" type=\"submit\" value=\"Envoyer\" \/>\n\t<\/p>\n<\/div><p style=\"display: none !important;\" class=\"akismet-fields-container\" data-prefix=\"_wpcf7_ak_\"><label>&#916;<textarea name=\"_wpcf7_ak_hp_textarea\" cols=\"45\" rows=\"8\" maxlength=\"100\"><\/textarea><\/label><input type=\"hidden\" id=\"ak_js_1\" name=\"_wpcf7_ak_js\" value=\"185\"\/><script>document.getElementById( \"ak_js_1\" ).setAttribute( \"value\", ( new Date() ).getTime() );<\/script><\/p><div class=\"wpcf7-response-output\" aria-hidden=\"true\"><\/div>\n<\/form>\n<\/div>\n\n","protected":false},"excerpt":{"rendered":"","protected":false},"author":1,"featured_media":0,"parent":0,"menu_order":0,"comment_status":"closed","ping_status":"closed","template":"tpl-contact.php","meta":{"_acf_changed":false,"footnotes":""},"class_list":["post-2","page","type-page","status-publish","hentry"],"acf":[],"_links":{"self":[{"href":"https:\/\/rbi-groupe.com\/qc\/wp-json\/wp\/v2\/pages\/2","targetHints":{"allow":["GET"]}}],"collection":[{"href":"https:\/\/rbi-groupe.com\/qc\/wp-json\/wp\/v2\/pages"}],"about":[{"href":"https:\/\/rbi-groupe.com\/qc\/wp-json\/wp\/v2\/types\/page"}],"author":[{"embeddable":true,"href":"https:\/\/rbi-groupe.com\/qc\/wp-json\/wp\/v2\/users\/1"}],"replies":[{"embeddable":true,"href":"https:\/\/rbi-groupe.com\/qc\/wp-json\/wp\/v2\/comments?post=2"}],"version-history":[{"count":4,"href":"https:\/\/rbi-groupe.com\/qc\/wp-json\/wp\/v2\/pages\/2\/revisions"}],"predecessor-version":[{"id":133,"href":"https:\/\/rbi-groupe.com\/qc\/wp-json\/wp\/v2\/pages\/2\/revisions\/133"}],"wp:attachment":[{"href":"https:\/\/rbi-groupe.com\/qc\/wp-json\/wp\/v2\/media?parent=2"}],"curies":[{"name":"wp","href":"https:\/\/api.w.org\/{rel}","templated":true}]}}